{"id":2368,"date":"2020-02-23T17:17:32","date_gmt":"2020-02-23T17:17:32","guid":{"rendered":"https:\/\/www.plastic-crate.co.uk\/?page_id=2368"},"modified":"2022-01-25T03:09:13","modified_gmt":"2022-01-25T03:09:13","slug":"home","status":"publish","type":"page","link":"https:\/\/www.plastic-crate.co.uk\/de\/home\/","title":{"rendered":"Home"},"content":{"rendered":"<h2>A Leading Plastic Euro Boxes Manufacturer <\/h2>\n<p>Shanghai Join Plastic Co.,Ltd is a professional manufacturer engaged in the research, production, sale ,OEM &amp; ODM service of Plastic Euro boxes, Plastic dollies, plastic parts bins, plastic pallets,coaming box, euro containers,etc\u00a0<\/p>\n<h3>Produktkategorien<\/h3>\n<p>\t\t\t\t\t\t\t\t\t\t\t\t\t<a href=\"\/de\/produktkategorie\/folding-crate\/\"><br \/>\n\t\t\t\t\t\t\t<img decoding=\"async\" width=\"360\" height=\"270\" src=\"https:\/\/www.plastic-crate.co.uk\/wp-content\/uploads\/2020\/02\/collapsible-crates-4.jpg\" alt=\"Faltbare Kisten\" loading=\"lazy\" srcset=\"https:\/\/www.plastic-crate.co.uk\/wp-content\/uploads\/2020\/02\/collapsible-crates-4.jpg 360w, https:\/\/www.plastic-crate.co.uk\/wp-content\/uploads\/2020\/02\/collapsible-crates-4-300x225.jpg 300w\" sizes=\"auto, (max-width: 360px) 100vw, 360px\" \/>\t\t\t\t\t\t\t\t<\/a><\/p>\n<h2><a href=\"\/de\/produktkategorie\/folding-crate\/\">Klappkiste<\/a><\/h2>\n<p>\t\t\t\t\t\t\t\t\t\t\t\t\t<a href=\"https:\/\/www.plastic-crate.com\/product-category\/plastic-moving-crates\/\" target=\"_blank\" rel=\"noopener\"><br \/>\n\t\t\t\t\t\t\t<img decoding=\"async\" width=\"360\" height=\"270\" src=\"https:\/\/www.plastic-crate.co.uk\/wp-content\/uploads\/2020\/02\/Attached_Lid_Containers.jpg\" alt=\"attached lid containers\" loading=\"lazy\" srcset=\"https:\/\/www.plastic-crate.co.uk\/wp-content\/uploads\/2020\/02\/Attached_Lid_Containers.jpg 360w, https:\/\/www.plastic-crate.co.uk\/wp-content\/uploads\/2020\/02\/Attached_Lid_Containers-300x225.jpg 300w\" sizes=\"auto, (max-width: 360px) 100vw, 360px\" \/>\t\t\t\t\t\t\t\t<\/a><\/p>\n<h2><a href=\"https:\/\/www.plastic-crate.com\/product-category\/plastic-moving-crates\/\" target=\"_blank\" rel=\"noopener\">Moving Totes<\/a><\/h2>\n<p>\t\t\t\t\t\t\t\t\t\t\t\t\t<a href=\"\/de\/produktkategorie\/euro-crates-boxes-for-sale\/\"><br \/>\n\t\t\t\t\t\t\t<img decoding=\"async\" width=\"360\" height=\"270\" src=\"https:\/\/www.plastic-crate.co.uk\/wp-content\/uploads\/2020\/02\/euro-stacking-containers.jpg\" alt=\"Stapelkisten aus Kunststoff\" loading=\"lazy\" srcset=\"https:\/\/www.plastic-crate.co.uk\/wp-content\/uploads\/2020\/02\/euro-stacking-containers.jpg 360w, https:\/\/www.plastic-crate.co.uk\/wp-content\/uploads\/2020\/02\/euro-stacking-containers-300x225.jpg 300w\" sizes=\"auto, (max-width: 360px) 100vw, 360px\" \/>\t\t\t\t\t\t\t\t<\/a><\/p>\n<h2><a href=\"\/de\/produktkategorie\/euro-crates-boxes-for-sale\/\">Eurokisten<\/a><\/h2>\n<p>\t\t\t\t\t\t\t\t\t\t\t\t\t<a href=\"https:\/\/www.plastic-crates.com\/product-category\/pallet-container\/\" target=\"_blank\" rel=\"noopener\"><br \/>\n\t\t\t\t\t\t\t<img decoding=\"async\" width=\"360\" height=\"270\" src=\"https:\/\/www.plastic-crate.co.uk\/wp-content\/uploads\/2020\/02\/plastic-pallet-boxes.jpg\" alt=\"plastic pallet boxes\" loading=\"lazy\" srcset=\"https:\/\/www.plastic-crate.co.uk\/wp-content\/uploads\/2020\/02\/plastic-pallet-boxes.jpg 360w, https:\/\/www.plastic-crate.co.uk\/wp-content\/uploads\/2020\/02\/plastic-pallet-boxes-300x225.jpg 300w\" sizes=\"auto, (max-width: 360px) 100vw, 360px\" \/>\t\t\t\t\t\t\t\t<\/a><\/p>\n<h2><a href=\"https:\/\/www.plastic-crates.com\/product-category\/pallet-container\/\" target=\"_blank\" rel=\"noopener\">Pallet Container<\/a><\/h2>\n<p>\t\t\t\t\t\t\t\t\t\t\t\t\t<a href=\"https:\/\/www.chinaboxsale.com\/product-category\/parts-bins\/\" target=\"_blank\" rel=\"noopener\"><br \/>\n\t\t\t\t\t\t\t<img decoding=\"async\" width=\"360\" height=\"270\" src=\"https:\/\/www.plastic-crate.co.uk\/wp-content\/uploads\/2020\/02\/plastic-parts-bins.jpg\" alt=\"drawer bins\" loading=\"lazy\" srcset=\"https:\/\/www.plastic-crate.co.uk\/wp-content\/uploads\/2020\/02\/plastic-parts-bins.jpg 360w, https:\/\/www.plastic-crate.co.uk\/wp-content\/uploads\/2020\/02\/plastic-parts-bins-300x225.jpg 300w\" sizes=\"auto, (max-width: 360px) 100vw, 360px\" \/>\t\t\t\t\t\t\t\t<\/a><\/p>\n<h2><a href=\"https:\/\/www.chinaboxsale.com\/product-category\/parts-bins\/\" target=\"_blank\" rel=\"noopener\">Drawer Bins<\/a><\/h2>\n<p>\t\t\t\t\t\t\t\t\t\t\t\t\t<a href=\"https:\/\/www.palletssupplier.com\/\" target=\"_blank\" rel=\"noopener\"><br \/>\n\t\t\t\t\t\t\t<img decoding=\"async\" width=\"360\" height=\"270\" src=\"https:\/\/www.plastic-crate.co.uk\/wp-content\/uploads\/2020\/02\/plastic-pallets.jpg\" alt=\"Plastic Pallets\" loading=\"lazy\" srcset=\"https:\/\/www.plastic-crate.co.uk\/wp-content\/uploads\/2020\/02\/plastic-pallets.jpg 360w, https:\/\/www.plastic-crate.co.uk\/wp-content\/uploads\/2020\/02\/plastic-pallets-300x225.jpg 300w\" sizes=\"auto, (max-width: 360px) 100vw, 360px\" \/>\t\t\t\t\t\t\t\t<\/a><\/p>\n<h2><a href=\"https:\/\/www.palletssupplier.com\/\" target=\"_blank\" rel=\"noopener\">Plastic Pallets<\/a><\/h2>\n<p>\t\t\t\t\t\t\t\t\t\t\t\t\t<a href=\"https:\/\/www.best-boxes.com\/product-category\/nest-stack-tub\/\" target=\"_blank\" rel=\"noopener\"><br \/>\n\t\t\t\t\t\t\t<img decoding=\"async\" width=\"360\" height=\"270\" src=\"https:\/\/www.plastic-crate.co.uk\/wp-content\/uploads\/2020\/02\/stack-nest-totes.jpg\" alt=\"stack nest totes\" loading=\"lazy\" srcset=\"https:\/\/www.plastic-crate.co.uk\/wp-content\/uploads\/2020\/02\/stack-nest-totes.jpg 360w, https:\/\/www.plastic-crate.co.uk\/wp-content\/uploads\/2020\/02\/stack-nest-totes-300x225.jpg 300w\" sizes=\"auto, (max-width: 360px) 100vw, 360px\" \/>\t\t\t\t\t\t\t\t<\/a><\/p>\n<h2><a href=\"https:\/\/www.best-boxes.com\/product-category\/nest-stack-tub\/\" target=\"_blank\" rel=\"noopener\">Stack Nest Totes<\/a><\/h2>\n<p>\t\t\t\t\t\t\t\t\t\t\t\t\t<a href=\"https:\/\/www.vegcrates.com\/\" target=\"_blank\" rel=\"noopener\"><br \/>\n\t\t\t\t\t\t\t<img decoding=\"async\" width=\"360\" height=\"270\" src=\"https:\/\/www.plastic-crate.co.uk\/wp-content\/uploads\/2020\/02\/fruit-vegetable-crates.jpg\" alt=\"fruit crates\" loading=\"lazy\" srcset=\"https:\/\/www.plastic-crate.co.uk\/wp-content\/uploads\/2020\/02\/fruit-vegetable-crates.jpg 360w, https:\/\/www.plastic-crate.co.uk\/wp-content\/uploads\/2020\/02\/fruit-vegetable-crates-300x225.jpg 300w\" sizes=\"auto, (max-width: 360px) 100vw, 360px\" \/>\t\t\t\t\t\t\t\t<\/a><\/p>\n<h2><a href=\"https:\/\/www.vegcrates.com\/\" target=\"_blank\" rel=\"noopener\">Fruit crates<\/a><\/h2>\n<h2>Faltbare Kunststoffkisten Serie<\/h2>\n<p>PP \uff08Polypropylene\uff09 material will be used for collapsible crate &amp; box &amp; container, It meets the food grade and will be suitable for any customers in food industry.\u00a0<\/p>\n<p>\t\t\t\t\t\t\t\t\t\t\t\t<img decoding=\"async\" width=\"1107\" height=\"431\" src=\"https:\/\/www.plastic-crate.co.uk\/wp-content\/uploads\/2020\/02\/folding-crates-series.png\" alt=\"Faltkisten-Serie\" loading=\"lazy\" srcset=\"https:\/\/www.plastic-crate.co.uk\/wp-content\/uploads\/2020\/02\/folding-crates-series.png 1107w, https:\/\/www.plastic-crate.co.uk\/wp-content\/uploads\/2020\/02\/folding-crates-series-300x117.png 300w, https:\/\/www.plastic-crate.co.uk\/wp-content\/uploads\/2020\/02\/folding-crates-series-1024x399.png 1024w, https:\/\/www.plastic-crate.co.uk\/wp-content\/uploads\/2020\/02\/folding-crates-series-768x299.png 768w, https:\/\/www.plastic-crate.co.uk\/wp-content\/uploads\/2020\/02\/folding-crates-series-600x234.png 600w\" sizes=\"auto, (max-width: 1107px) 100vw, 1107px\" \/><br \/>\n\t\t\t\t\t\t\t\t\t\t\t\t<img decoding=\"async\" width=\"658\" height=\"625\" src=\"https:\/\/www.plastic-crate.co.uk\/wp-content\/uploads\/2020\/02\/customization-plastic-box.jpg\" alt=\"Anpassungs-Plastikbox\" loading=\"lazy\" srcset=\"https:\/\/www.plastic-crate.co.uk\/wp-content\/uploads\/2020\/02\/customization-plastic-box.jpg 658w, https:\/\/www.plastic-crate.co.uk\/wp-content\/uploads\/2020\/02\/customization-plastic-box-300x285.jpg 300w, https:\/\/www.plastic-crate.co.uk\/wp-content\/uploads\/2020\/02\/customization-plastic-box-600x570.jpg 600w\" sizes=\"auto, (max-width: 658px) 100vw, 658px\" \/>\t\t\t\t\t\t\t\t\t\t\t\t\t\t<\/p>\n<h3>Ma\u00dfgeschneiderter Service<\/h3>\n<p>Sie haben sich in unserem Sortiment umgesehen und trotzdem nicht die passenden Kisten gefunden?\u00a0<br \/>Kein Problem, kontaktieren Sie uns, um eine individuelle Form nach Ihren genauen Vorgaben zu erstellen. Wir k\u00f6nnen allen Kunden OEM- und ODM-Service f\u00fcr alle Kunststoffprodukte anbieten.\u00a0<\/p>\n<h3>Produktionslinie<\/h3>\n<p>Wir besitzen mehr als 30 Spritzgussmaschinen, ein automatisches Zuf\u00fchrsystem und eine Werkstatt f\u00fcr Fertigprodukte. Unsere Produkte werden h\u00e4ufig in der Obst- und Gem\u00fcseindustrie, der Logistikbranche, der Pharmaindustrie, der Automobilteileindustrie, der Elektronikkomponentenindustrie, Supermarktketten usw. eingesetzt.<\/p>\n<p>\t\t\t\t\t\t\t\t\t\t\t\t<img decoding=\"async\" width=\"850\" height=\"845\" src=\"https:\/\/www.plastic-crate.co.uk\/wp-content\/uploads\/2020\/02\/collapsible-plastic-crates-manufacturer.jpg\" alt=\"Faltschachteln in der Produktion\" loading=\"lazy\" srcset=\"https:\/\/www.plastic-crate.co.uk\/wp-content\/uploads\/2020\/02\/collapsible-plastic-crates-manufacturer.jpg 850w, https:\/\/www.plastic-crate.co.uk\/wp-content\/uploads\/2020\/02\/collapsible-plastic-crates-manufacturer-300x298.jpg 300w, https:\/\/www.plastic-crate.co.uk\/wp-content\/uploads\/2020\/02\/collapsible-plastic-crates-manufacturer-150x150.jpg 150w, https:\/\/www.plastic-crate.co.uk\/wp-content\/uploads\/2020\/02\/collapsible-plastic-crates-manufacturer-768x763.jpg 768w, https:\/\/www.plastic-crate.co.uk\/wp-content\/uploads\/2020\/02\/collapsible-plastic-crates-manufacturer-600x596.jpg 600w, https:\/\/www.plastic-crate.co.uk\/wp-content\/uploads\/2020\/02\/collapsible-plastic-crates-manufacturer-100x100.jpg 100w\" sizes=\"auto, (max-width: 850px) 100vw, 850px\" \/>\t\t\t\t\t\t\t\t\t\t\t\t\t\t<\/p>\n<p>Euro containers are modular inter-stacking Containers with vertical sides for maximum volume. <strong>Euro stacking containers<\/strong> are designed to fit on standard European size 1200x800mm and 800x600mm wooden and plastic pallets as well as standard 1200x1000mm pallets.<\/p>\n<p>Buy\u00a0euro storage boxes\u00a0at plastic-crate.co.uk,we are a plastic products manufacturer and wholesale a range of Plastic Crates, including <strong>Eurokisten<\/strong>,Heavy Duty Euro Stacking Containers,plastic storage container,We aim to ensure you receive a higher level of customer service satisfaction along with the best quality products the\u00a0Industry has to offer.<br \/><strong><br \/><\/strong><\/p>\n<p><strong>euro storage boxes<\/strong>\u00a0are useful for many applications and commonly used in the catering industry (they are food grade), engineering trade (antistatic containers protect electrical components), bars and restaurants. If you can\u2019t find what you are looking for then please contact us and we\u2019ll be more than happy to help you.<\/p>","protected":false},"excerpt":{"rendered":"<p>A Leading Plastic Euro Boxes Manufacturer Shanghai Join Plastic Co.,Ltd is a professional manufacturer engaged in the research, production, sale ,OEM &amp; ODM service of Plastic Euro boxes, Plastic dollies, plastic parts bins, plastic pallets,coaming box, euro containers,etc\u00a0 Products Categories Folding crate Moving Totes Euro crates Pallet Container Drawer Bins Plastic Pallets Stack Nest Totes &hellip;<\/p>\n<p class=\"read-more\"> <a class=\"\" href=\"https:\/\/www.plastic-crate.co.uk\/de\/home\/\"> <span class=\"screen-reader-text\">Home<\/span> Mehr lesen &quot;<\/a><\/p>","protected":false},"author":1,"featured_media":0,"parent":0,"menu_order":0,"comment_status":"closed","ping_status":"closed","template":"elementor_header_footer","meta":{"_acf_changed":false,"site-sidebar-layout":"default","site-content-layout":"default","ast-main-header-display":"","ast-hfb-above-header-display":"","ast-hfb-below-header-display":"","ast-hfb-mobile-header-display":"","site-post-title":"","ast-breadcrumbs-content":"","ast-featured-img":"","footer-sml-layout":"","theme-transparent-header-meta":"default","adv-header-id-meta":"","stick-header-meta":"","header-above-stick-meta":"","header-main-stick-meta":"","header-below-stick-meta":"","footnotes":""},"class_list":["post-2368","page","type-page","status-publish","hentry"],"acf":[],"yoast_head":"<!-- This site is optimized with the Yoast SEO plugin v26.9 - https:\/\/yoast.com\/product\/yoast-seo-wordpress\/ -->\n<title>Plastic euro storage boxes, euro crates for sale,folding crates wholesale<\/title>\n<meta name=\"description\" content=\"Plastic euro storage boxes Wholesale. We provide all kinds of folding crates, stackable crates with lids, euro containers for sale!\" \/>\n<meta name=\"robots\" content=\"index, follow, max-snippet:-1, max-image-preview:large, max-video-preview:-1\" \/>\n<link rel=\"canonical\" href=\"https:\/\/www.plastic-crate.co.uk\/de\/home\/\" \/>\n<meta property=\"og:locale\" content=\"de_DE\" \/>\n<meta property=\"og:type\" content=\"article\" \/>\n<meta property=\"og:title\" content=\"Plastic euro storage boxes, euro crates for sale,folding crates wholesale\" \/>\n<meta property=\"og:description\" content=\"Plastic euro storage boxes Wholesale. We provide all kinds of folding crates, stackable crates with lids, euro containers for sale!\" \/>\n<meta property=\"og:url\" content=\"https:\/\/www.plastic-crate.co.uk\/de\/home\/\" \/>\n<meta property=\"og:site_name\" content=\"Euro crates Manufacturer\" \/>\n<meta property=\"article:modified_time\" content=\"2022-01-25T03:09:13+00:00\" \/>\n<meta property=\"og:image\" content=\"https:\/\/www.plastic-crate.co.uk\/wp-content\/uploads\/2020\/02\/collapsible-crates-4.jpg\" \/>\n<meta name=\"twitter:card\" content=\"summary_large_image\" \/>\n<meta name=\"twitter:label1\" content=\"Est. reading time\" \/>\n\t<meta name=\"twitter:data1\" content=\"4\u00a0Minuten\" \/>\n<script type=\"application\/ld+json\" class=\"yoast-schema-graph\">{\"@context\":\"https:\/\/schema.org\",\"@graph\":[{\"@type\":\"WebPage\",\"@id\":\"https:\/\/www.plastic-crate.co.uk\/home\/\",\"url\":\"https:\/\/www.plastic-crate.co.uk\/home\/\",\"name\":\"Plastic euro storage boxes, euro crates for sale,folding crates wholesale\",\"isPartOf\":{\"@id\":\"https:\/\/www.plastic-crate.co.uk\/#website\"},\"primaryImageOfPage\":{\"@id\":\"https:\/\/www.plastic-crate.co.uk\/home\/#primaryimage\"},\"image\":{\"@id\":\"https:\/\/www.plastic-crate.co.uk\/home\/#primaryimage\"},\"thumbnailUrl\":\"https:\/\/www.plastic-crate.co.uk\/wp-content\/uploads\/2020\/02\/collapsible-crates-4.jpg\",\"datePublished\":\"2020-02-23T17:17:32+00:00\",\"dateModified\":\"2022-01-25T03:09:13+00:00\",\"description\":\"Plastic euro storage boxes Wholesale. We provide all kinds of folding crates, stackable crates with lids, euro containers for sale!\",\"inLanguage\":\"de\",\"potentialAction\":[{\"@type\":\"ReadAction\",\"target\":[\"https:\/\/www.plastic-crate.co.uk\/home\/\"]}]},{\"@type\":\"ImageObject\",\"inLanguage\":\"de\",\"@id\":\"https:\/\/www.plastic-crate.co.uk\/home\/#primaryimage\",\"url\":\"https:\/\/www.plastic-crate.co.uk\/wp-content\/uploads\/2020\/02\/collapsible-crates-4.jpg\",\"contentUrl\":\"https:\/\/www.plastic-crate.co.uk\/wp-content\/uploads\/2020\/02\/collapsible-crates-4.jpg\"},{\"@type\":\"WebSite\",\"@id\":\"https:\/\/www.plastic-crate.co.uk\/#website\",\"url\":\"https:\/\/www.plastic-crate.co.uk\/\",\"name\":\"Euro crates Manufacturer\",\"description\":\"wholesale Euro containers, plastic euro crates with lids, curo boxes without lids\",\"publisher\":{\"@id\":\"https:\/\/www.plastic-crate.co.uk\/#organization\"},\"potentialAction\":[{\"@type\":\"SearchAction\",\"target\":{\"@type\":\"EntryPoint\",\"urlTemplate\":\"https:\/\/www.plastic-crate.co.uk\/?s={search_term_string}\"},\"query-input\":{\"@type\":\"PropertyValueSpecification\",\"valueRequired\":true,\"valueName\":\"search_term_string\"}}],\"inLanguage\":\"de\"},{\"@type\":\"Organization\",\"@id\":\"https:\/\/www.plastic-crate.co.uk\/#organization\",\"name\":\"Euro crates Manufacturer\",\"url\":\"https:\/\/www.plastic-crate.co.uk\/\",\"logo\":{\"@type\":\"ImageObject\",\"inLanguage\":\"de\",\"@id\":\"https:\/\/www.plastic-crate.co.uk\/#\/schema\/logo\/image\/\",\"url\":\"https:\/\/www.plastic-crate.co.uk\/wp-content\/uploads\/2020\/10\/cropped-logo.png\",\"contentUrl\":\"https:\/\/www.plastic-crate.co.uk\/wp-content\/uploads\/2020\/10\/cropped-logo.png\",\"width\":300,\"height\":66,\"caption\":\"Euro crates Manufacturer\"},\"image\":{\"@id\":\"https:\/\/www.plastic-crate.co.uk\/#\/schema\/logo\/image\/\"}}]}<\/script>\n<!-- \/ Yoast SEO plugin. -->","yoast_head_json":{"title":"Kunststoff-Euro-Aufbewahrungsboxen, Euro-Kisten zu verkaufen, Faltkisten Gro\u00dfhandel","description":"Gro\u00dfhandel f\u00fcr Euro-Aufbewahrungsboxen aus Kunststoff. Wir bieten alle Arten von Klappkisten, Stapelkisten mit Deckel und Euro-Beh\u00e4ltern zum Verkauf an!","robots":{"index":"index","follow":"follow","max-snippet":"max-snippet:-1","max-image-preview":"max-image-preview:large","max-video-preview":"max-video-preview:-1"},"canonical":"https:\/\/www.plastic-crate.co.uk\/de\/home\/","og_locale":"de_DE","og_type":"article","og_title":"Plastic euro storage boxes, euro crates for sale,folding crates wholesale","og_description":"Plastic euro storage boxes Wholesale. We provide all kinds of folding crates, stackable crates with lids, euro containers for sale!","og_url":"https:\/\/www.plastic-crate.co.uk\/de\/home\/","og_site_name":"Euro crates Manufacturer","article_modified_time":"2022-01-25T03:09:13+00:00","og_image":[{"url":"https:\/\/www.plastic-crate.co.uk\/wp-content\/uploads\/2020\/02\/collapsible-crates-4.jpg","type":"","width":"","height":""}],"twitter_card":"summary_large_image","twitter_misc":{"Est. reading time":"4\u00a0Minuten"},"schema":{"@context":"https:\/\/schema.org","@graph":[{"@type":"WebPage","@id":"https:\/\/www.plastic-crate.co.uk\/home\/","url":"https:\/\/www.plastic-crate.co.uk\/home\/","name":"Kunststoff-Euro-Aufbewahrungsboxen, Euro-Kisten zu verkaufen, Faltkisten Gro\u00dfhandel","isPartOf":{"@id":"https:\/\/www.plastic-crate.co.uk\/#website"},"primaryImageOfPage":{"@id":"https:\/\/www.plastic-crate.co.uk\/home\/#primaryimage"},"image":{"@id":"https:\/\/www.plastic-crate.co.uk\/home\/#primaryimage"},"thumbnailUrl":"https:\/\/www.plastic-crate.co.uk\/wp-content\/uploads\/2020\/02\/collapsible-crates-4.jpg","datePublished":"2020-02-23T17:17:32+00:00","dateModified":"2022-01-25T03:09:13+00:00","description":"Gro\u00dfhandel f\u00fcr Euro-Aufbewahrungsboxen aus Kunststoff. Wir bieten alle Arten von Klappkisten, Stapelkisten mit Deckel und Euro-Beh\u00e4ltern zum Verkauf an!","inLanguage":"de","potentialAction":[{"@type":"ReadAction","target":["https:\/\/www.plastic-crate.co.uk\/home\/"]}]},{"@type":"ImageObject","inLanguage":"de","@id":"https:\/\/www.plastic-crate.co.uk\/home\/#primaryimage","url":"https:\/\/www.plastic-crate.co.uk\/wp-content\/uploads\/2020\/02\/collapsible-crates-4.jpg","contentUrl":"https:\/\/www.plastic-crate.co.uk\/wp-content\/uploads\/2020\/02\/collapsible-crates-4.jpg"},{"@type":"WebSite","@id":"https:\/\/www.plastic-crate.co.uk\/#website","url":"https:\/\/www.plastic-crate.co.uk\/","name":"Eurokisten Hersteller","description":"Eurobeh\u00e4lter im Gro\u00dfhandel, Eurokisten aus Kunststoff mit Deckel, Curo-Boxen ohne Deckel","publisher":{"@id":"https:\/\/www.plastic-crate.co.uk\/#organization"},"potentialAction":[{"@type":"SearchAction","target":{"@type":"EntryPoint","urlTemplate":"https:\/\/www.plastic-crate.co.uk\/?s={search_term_string}"},"query-input":{"@type":"PropertyValueSpecification","valueRequired":true,"valueName":"search_term_string"}}],"inLanguage":"de"},{"@type":"Organization","@id":"https:\/\/www.plastic-crate.co.uk\/#organization","name":"Eurokisten Hersteller","url":"https:\/\/www.plastic-crate.co.uk\/","logo":{"@type":"ImageObject","inLanguage":"de","@id":"https:\/\/www.plastic-crate.co.uk\/#\/schema\/logo\/image\/","url":"https:\/\/www.plastic-crate.co.uk\/wp-content\/uploads\/2020\/10\/cropped-logo.png","contentUrl":"https:\/\/www.plastic-crate.co.uk\/wp-content\/uploads\/2020\/10\/cropped-logo.png","width":300,"height":66,"caption":"Euro crates Manufacturer"},"image":{"@id":"https:\/\/www.plastic-crate.co.uk\/#\/schema\/logo\/image\/"}}]}},"_links":{"self":[{"href":"https:\/\/www.plastic-crate.co.uk\/de\/wp-json\/wp\/v2\/pages\/2368","targetHints":{"allow":["GET"]}}],"collection":[{"href":"https:\/\/www.plastic-crate.co.uk\/de\/wp-json\/wp\/v2\/pages"}],"about":[{"href":"https:\/\/www.plastic-crate.co.uk\/de\/wp-json\/wp\/v2\/types\/page"}],"author":[{"embeddable":true,"href":"https:\/\/www.plastic-crate.co.uk\/de\/wp-json\/wp\/v2\/users\/1"}],"replies":[{"embeddable":true,"href":"https:\/\/www.plastic-crate.co.uk\/de\/wp-json\/wp\/v2\/comments?post=2368"}],"version-history":[{"count":72,"href":"https:\/\/www.plastic-crate.co.uk\/de\/wp-json\/wp\/v2\/pages\/2368\/revisions"}],"predecessor-version":[{"id":5857,"href":"https:\/\/www.plastic-crate.co.uk\/de\/wp-json\/wp\/v2\/pages\/2368\/revisions\/5857"}],"wp:attachment":[{"href":"https:\/\/www.plastic-crate.co.uk\/de\/wp-json\/wp\/v2\/media?parent=2368"}],"curies":[{"name":"wp","href":"https:\/\/api.w.org\/{rel}","templated":true}]}}